{"id":7785,"date":"2025-09-15T15:49:27","date_gmt":"2025-09-15T15:49:27","guid":{"rendered":"https:\/\/chanis.pa\/abogados\/desiree-castro\/"},"modified":"2026-01-28T15:36:51","modified_gmt":"2026-01-28T15:36:51","slug":"desiree-castro","status":"publish","type":"page","link":"https:\/\/chanis.pa\/es\/abogados\/desiree-castro\/","title":{"rendered":"Desire\u00e9 Castro"},"content":{"rendered":"\t\t<div data-elementor-type=\"wp-page\" data-elementor-id=\"7785\" class=\"elementor elementor-7785 elementor-7010\">\n\t\t\t\t        <section class=\"elementor-section elementor-top-section elementor-element elementor-element-5547b9a elementor-section-stretched pxl-row-scroll-fixed elementor-section-boxed elementor-section-height-default elementor-section-height-default pxl-bg-color-none pxl-section-overlay-none\" data-id=\"5547b9a\" data-element_type=\"section\" data-settings=\"{&quot;stretch_section&quot;:&quot;section-stretched&quot;}\">\n\n                \n                <div class=\"elementor-container elementor-column-gap-extended \">\n                <div class=\"elementor-column elementor-col-50 elementor-top-column elementor-element elementor-element-c9fca91 pxl-column-sticky pxl-column-overflow-hidden-no\" data-id=\"c9fca91\" data-element_type=\"column\">\r\n        <div class=\"elementor-widget-wrap elementor-element-populated\">\r\n                     \r\n        \t\t<div class=\"elementor-element elementor-element-612c0aa elementor-widget elementor-widget-pxl_image\" data-id=\"612c0aa\" data-element_type=\"widget\" data-widget_type=\"pxl_image.default\">\n\t\t\t\t<div class=\"elementor-widget-container\">\n\t\t\t\t\t<div id=\"pxl_image-612c0aa-2094\" class=\"pxl-image-single pxl-disable-parallax-sm   \" data-wow-delay=\"ms\"  >\r\n    <div class=\"pxl-item--inner \" data-wow-delay=\"120ms\">\r\n        \r\n                                <div class=\"pxl-item--image\" data-parallax-value=\"\">\r\n                                                     <img fetchpriority=\"high\" decoding=\"async\" width=\"600\" height=\"754\" src=\"https:\/\/chanis.pa\/wp-content\/uploads\/2025\/09\/lawyer-N-Desiree.jpg\" class=\"no-lazyload attachment-full\" alt=\"Desire\u00e9 Castro\" \/>                                            <\/div>\r\n                            \r\n            <\/div>\r\n<\/div>\t\t\t\t<\/div>\n\t\t\t\t<\/div>\n\t\t            <\/div>\r\n        <\/div>\r\n                <div class=\"elementor-column elementor-col-50 elementor-top-column elementor-element elementor-element-9b01394 pxl-column-none pxl-column-overflow-hidden-no\" data-id=\"9b01394\" data-element_type=\"column\">\r\n        <div class=\"elementor-widget-wrap elementor-element-populated\">\r\n                     \r\n        \t\t<div class=\"elementor-element elementor-element-a0b121e elementor-widget elementor-widget-pxl_text_editor\" data-id=\"a0b121e\" data-element_type=\"widget\" data-widget_type=\"pxl_text_editor.default\">\n\t\t\t\t<div class=\"elementor-widget-container\">\n\t\t\t\t\t<div id=\"pxl_text_editor-a0b121e-7022\" class=\"pxl-image-wg\" duration=\"1\">\n\t<div class=\"pxl-text-editor\">\n\t\t<div class=\"pxl-item--inner \" data-wow-delay=\"ms\">\n\t\t\t<p>Desire\u00e9 Castro<\/p>\t\t\n\t\t<\/div>\n\t<\/div>\n<\/div>\t\t\t\t<\/div>\n\t\t\t\t<\/div>\n\t\t\t\t<div class=\"elementor-element elementor-element-8e69620 elementor-widget elementor-widget-pxl_text_editor\" data-id=\"8e69620\" data-element_type=\"widget\" data-widget_type=\"pxl_text_editor.default\">\n\t\t\t\t<div class=\"elementor-widget-container\">\n\t\t\t\t\t<div id=\"pxl_text_editor-8e69620-7731\" class=\"pxl-image-wg\" duration=\"1\">\n\t<div class=\"pxl-text-editor\">\n\t\t<div class=\"pxl-item--inner \" data-wow-delay=\"ms\">\n\t\t\t<p>\u00a0<span class=\"specialDescrip\">Socia<\/span><\/p>\t\t\n\t\t<\/div>\n\t<\/div>\n<\/div>\t\t\t\t<\/div>\n\t\t\t\t<\/div>\n\t\t\t\t<div class=\"elementor-element elementor-element-a522539 elementor-widget elementor-widget-pxl_text_editor\" data-id=\"a522539\" data-element_type=\"widget\" data-widget_type=\"pxl_text_editor.default\">\n\t\t\t\t<div class=\"elementor-widget-container\">\n\t\t\t\t\t<div id=\"pxl_text_editor-a522539-9882\" class=\"pxl-image-wg\" duration=\"1\">\n\t<div class=\"pxl-text-editor\">\n\t\t<div class=\"pxl-item--inner \" data-wow-delay=\"ms\">\n\t\t\t<p><strong>Ciudad de Nacimiento:<\/strong> Panama<\/p><h5><strong>Formaci\u00f3n:<\/strong><\/h5><ul><li>Escuela de Negocios Unir (M.B.A)<\/li><li>Escuela de Negocios en Leyes Inidem (LL.M)<\/li><li>Universidad Cat\u00f3lica Santa Mar\u00eda La Antigua (LL.M.)<\/li><li>Universidad Cat\u00f3lica Santa Mar\u00eda La Antigua (B. Law)<\/li><\/ul><h5><strong>Admitido para ejercer por:<\/strong><\/h5><p>La Corte Suprema de Justicia de la Rep\u00fablica de Panam\u00e1<\/p><h5><strong>\u00c1reas de Pr\u00e1ctica:<\/strong><\/h5><ul><li>Derecho Corporativo<\/li><li>Derecho Comercial<\/li><li>Transacciones de Bienes Ra\u00edces<\/li><li>Propiedad Horizontal y Zonificaciones<\/li><li>Derecho Administrativo<\/li><li>Fusiones y Adquisiciones<\/li><li>Derecho Migratorio<\/li><\/ul><h5><strong>Membres\u00edas:<\/strong><\/h5><ul><li>Colegio Nacional de Abogados (CNA)<\/li><li>International Bar Association (IBA)<\/li><li>Asociaci\u00f3n de Oficiales de Cumplimiento de Panam\u00e1 (ASOCUPA).<\/li><\/ul><p><strong>Idiomas:<\/strong> Espa\u00f1ol e Ingl\u00e9s<\/p>\t\t\n\t\t<\/div>\n\t<\/div>\n<\/div>\t\t\t\t<\/div>\n\t\t\t\t<\/div>\n\t\t\t\t<div class=\"elementor-element elementor-element-db7593b elementor-widget elementor-widget-pxl_list_box\" data-id=\"db7593b\" data-element_type=\"widget\" data-widget_type=\"pxl_list_box.default\">\n\t\t\t\t<div class=\"elementor-widget-container\">\n\t\t\t\t\t    <div class=\"pxl-list-box pxl-list-box1\">\r\n                    <div class=\"pxl--item wow fadeInUp\" data-wow-delay=\"ms\">\r\n                                                    <div class=\"pxl-item--icon pxl-mr-30\">\r\n                        <img decoding=\"async\" width=\"69\" height=\"61\" src=\"https:\/\/chanis.pa\/wp-content\/uploads\/2024\/03\/meta-img1.png\" class=\"attachment-full\" alt=\"\" \/>                    <\/div>\r\n                                <div class=\"pxl-item-content\">\r\n                    <h5 class=\"pxl-item--text\">E-mail<\/h5>\r\n                    <div class=\"pxl-sub-text\">\r\n                        <a class=\"pxl-btn\" href=\"mailto:desiree.castro@chanis.pa\">\r\n                            desiree.castro@chanis.pa                        <\/a>      \r\n                    <\/div>\r\n                <\/div>\r\n            <\/div>\r\n            <\/div>\r\n\t\t\t\t<\/div>\n\t\t\t\t<\/div>\n\t\t            <\/div>\r\n        <\/div>\r\n        \t\t\t<\/div>\n\t\t<\/section>\n\t\t        <section class=\"elementor-section elementor-top-section elementor-element elementor-element-73e2ab4a elementor-section-stretched elementor-section-boxed elementor-section-height-default elementor-section-height-default pxl-row-scroll-none pxl-bg-color-none pxl-section-overlay-none\" data-id=\"73e2ab4a\" data-element_type=\"section\" data-settings=\"{&quot;stretch_section&quot;:&quot;section-stretched&quot;,&quot;background_background&quot;:&quot;classic&quot;}\">\n\n                \n                <div class=\"elementor-container elementor-column-gap-extended \">\n                <div class=\"elementor-column elementor-col-100 elementor-top-column elementor-element elementor-element-57041c3c pxl-column-none pxl-column-overflow-hidden-no\" data-id=\"57041c3c\" data-element_type=\"column\">\r\n        <div class=\"elementor-widget-wrap elementor-element-populated\">\r\n                     \r\n        \t\t<div class=\"elementor-element elementor-element-63cd443c elementor-widget elementor-widget-pxl_text_editor\" data-id=\"63cd443c\" data-element_type=\"widget\" data-widget_type=\"pxl_text_editor.default\">\n\t\t\t\t<div class=\"elementor-widget-container\">\n\t\t\t\t\t<div id=\"pxl_text_editor-63cd443c-7338\" class=\"pxl-image-wg\" duration=\"1\">\n\t<div class=\"pxl-text-editor\">\n\t\t<div class=\"pxl-item--inner \" data-wow-delay=\"ms\">\n\t\t\t<p>Nuestro Equipo<\/p>\t\t\n\t\t<\/div>\n\t<\/div>\n<\/div>\t\t\t\t<\/div>\n\t\t\t\t<\/div>\n\t\t\t\t<div class=\"elementor-element elementor-element-5af58618 elementor-widget elementor-widget-pxl_team_carousel\" data-id=\"5af58618\" data-element_type=\"widget\" data-widget_type=\"pxl_team_carousel.default\">\n\t\t\t\t<div class=\"elementor-widget-container\">\n\t\t\t\t\t    <div class=\"pxl-swiper-sliders pxl-team pxl-team-carousel1 pxl-team-layout1 pxl-team-style1\" data-cursor-drap=\"DRAG\">\n        <div class=\"pxl-carousel-inner\">\n            <div class=\"pxl-swiper-container\" dir=\"ltr\" data-settings=\"{&quot;slide_direction&quot;:&quot;horizontal&quot;,&quot;slide_percolumn&quot;:&quot;1&quot;,&quot;slide_mode&quot;:&quot;slide&quot;,&quot;slides_to_show&quot;:&quot;3&quot;,&quot;slides_to_show_xxl&quot;:&quot;3&quot;,&quot;slides_to_show_lg&quot;:&quot;3&quot;,&quot;slides_to_show_md&quot;:&quot;3&quot;,&quot;slides_to_show_sm&quot;:&quot;2&quot;,&quot;slides_to_show_xs&quot;:&quot;1&quot;,&quot;slides_to_scroll&quot;:&quot;1&quot;,&quot;arrow&quot;:&quot;true&quot;,&quot;pagination&quot;:&quot;false&quot;,&quot;pagination_type&quot;:&quot;bullets&quot;,&quot;autoplay&quot;:&quot;true&quot;,&quot;pause_on_hover&quot;:&quot;true&quot;,&quot;pause_on_interaction&quot;:&quot;true&quot;,&quot;delay&quot;:5000,&quot;loop&quot;:&quot;true&quot;,&quot;speed&quot;:500}\">\n                <div class=\"pxl-swiper-wrapper\">\n                                            <div class=\"pxl-swiper-slide\">\n                            <div class=\"pxl-item--inner \" data-wow-delay=\"ms\">\n                                                                    <div class=\"pxl-item--image\">\n                                        <img decoding=\"async\" width=\"600\" height=\"754\" src=\"https:\/\/chanis.pa\/wp-content\/uploads\/2025\/09\/lawyer-N-Ricardo.jpg\" class=\"no-lazyload attachment-full\" alt=\"Ricardo Chanis\" \/>                                                                                    <a href=\"https:\/\/chanis.pa\/es\/abogados\/ricardo-chanis\/\"><\/a>\n                                                                                                                            <div class=\"pxl-item--social\">\n                                                                                            <\/div>\n                                                                            <\/div>\n                                                                <div class=\"pxl-item-content\">\n                                    <div class=\"pxl-item--holder\">\n                                        <h3 class=\"pxl-item--title\">    \n                                            Ricardo Chanis                                        <\/h3>\n                                        <div class=\"pxl-item--position\">  Socio Fundador<\/div>\n                                    <\/div>\n                                <\/div>\n                            <\/div>\n                        <\/div>\n                                            <div class=\"pxl-swiper-slide\">\n                            <div class=\"pxl-item--inner \" data-wow-delay=\"ms\">\n                                                                    <div class=\"pxl-item--image\">\n                                        <img fetchpriority=\"high\" decoding=\"async\" width=\"600\" height=\"754\" src=\"https:\/\/chanis.pa\/wp-content\/uploads\/2025\/09\/lawyer-N-Desiree.jpg\" class=\"no-lazyload attachment-full\" alt=\"Desire\u00e9 Castro\" \/>                                                                                    <a href=\"https:\/\/chanis.pa\/es\/abogados\/desiree-castro\/\"><\/a>\n                                                                                                                            <div class=\"pxl-item--social\">\n                                                                                            <\/div>\n                                                                            <\/div>\n                                                                <div class=\"pxl-item-content\">\n                                    <div class=\"pxl-item--holder\">\n                                        <h3 class=\"pxl-item--title\">    \n                                            Desire\u00e9 Castro                                        <\/h3>\n                                        <div class=\"pxl-item--position\">Socia<\/div>\n                                    <\/div>\n                                <\/div>\n                            <\/div>\n                        <\/div>\n                                            <div class=\"pxl-swiper-slide\">\n                            <div class=\"pxl-item--inner \" data-wow-delay=\"ms\">\n                                                                    <div class=\"pxl-item--image\">\n                                        <img loading=\"lazy\" decoding=\"async\" width=\"600\" height=\"754\" src=\"https:\/\/chanis.pa\/wp-content\/uploads\/2025\/09\/lawyer-N-Alexandra.jpg\" class=\"no-lazyload attachment-full\" alt=\"Alexandra Guzm\u00e1n\" \/>                                                                                    <a href=\"https:\/\/chanis.pa\/es\/abogados\/alexandra-guzman\/\"><\/a>\n                                                                                                                            <div class=\"pxl-item--social\">\n                                                                                            <\/div>\n                                                                            <\/div>\n                                                                <div class=\"pxl-item-content\">\n                                    <div class=\"pxl-item--holder\">\n                                        <h3 class=\"pxl-item--title\">    \n                                            Alexandra Guzm\u00e1n                                        <\/h3>\n                                        <div class=\"pxl-item--position\">Asociada<\/div>\n                                    <\/div>\n                                <\/div>\n                            <\/div>\n                        <\/div>\n                                            <div class=\"pxl-swiper-slide\">\n                            <div class=\"pxl-item--inner \" data-wow-delay=\"ms\">\n                                                                    <div class=\"pxl-item--image\">\n                                        <img loading=\"lazy\" decoding=\"async\" width=\"600\" height=\"754\" src=\"https:\/\/chanis.pa\/wp-content\/uploads\/2025\/09\/lawyer-N-Giancarlo.jpg\" class=\"no-lazyload attachment-full\" alt=\"Giancarlo Benedetti\" \/>                                                                                    <a href=\"https:\/\/chanis.pa\/es\/abogados\/giancarlo-benedetti\/\"><\/a>\n                                                                                                                            <div class=\"pxl-item--social\">\n                                                                                            <\/div>\n                                                                            <\/div>\n                                                                <div class=\"pxl-item-content\">\n                                    <div class=\"pxl-item--holder\">\n                                        <h3 class=\"pxl-item--title\">    \n                                            Giancarlo Benedetti                                        <\/h3>\n                                        <div class=\"pxl-item--position\">Miembro<\/div>\n                                    <\/div>\n                                <\/div>\n                            <\/div>\n                        <\/div>\n                                            <div class=\"pxl-swiper-slide\">\n                            <div class=\"pxl-item--inner \" data-wow-delay=\"ms\">\n                                                                    <div class=\"pxl-item--image\">\n                                        <img loading=\"lazy\" decoding=\"async\" width=\"600\" height=\"754\" src=\"https:\/\/chanis.pa\/wp-content\/uploads\/2025\/09\/lawyer-N-Yoliana.jpg\" class=\"no-lazyload attachment-full\" alt=\"Yolianna Arosemena Benedetti\" \/>                                                                                    <a href=\"https:\/\/chanis.pa\/es\/abogados\/yolianna-arosemena-benedetti\/\"><\/a>\n                                                                                                                            <div class=\"pxl-item--social\">\n                                                                                            <\/div>\n                                                                            <\/div>\n                                                                <div class=\"pxl-item-content\">\n                                    <div class=\"pxl-item--holder\">\n                                        <h3 class=\"pxl-item--title\">    \n                                            Yolianna Arosemena Benedetti                                        <\/h3>\n                                        <div class=\"pxl-item--position\">   Asesor. Partner at Benedetti CL Abogados<\/div>\n                                    <\/div>\n                                <\/div>\n                            <\/div>\n                        <\/div>\n                                            <div class=\"pxl-swiper-slide\">\n                            <div class=\"pxl-item--inner \" data-wow-delay=\"ms\">\n                                                                    <div class=\"pxl-item--image\">\n                                        <img loading=\"lazy\" decoding=\"async\" width=\"600\" height=\"754\" src=\"https:\/\/chanis.pa\/wp-content\/uploads\/2025\/09\/lawyer-N-JanChristian.jpg\" class=\"no-lazyload attachment-full\" alt=\"Jan Christian Brewer\" \/>                                                                                    <a href=\"https:\/\/chanis.pa\/es\/abogados\/jan-christian-brewer\/\"><\/a>\n                                                                                                                            <div class=\"pxl-item--social\">\n                                                                                            <\/div>\n                                                                            <\/div>\n                                                                <div class=\"pxl-item-content\">\n                                    <div class=\"pxl-item--holder\">\n                                        <h3 class=\"pxl-item--title\">    \n                                            Jan Christian Brewer                                        <\/h3>\n                                        <div class=\"pxl-item--position\">   Asesor. Socio en Moreno y Arjona Bureau<\/div>\n                                    <\/div>\n                                <\/div>\n                            <\/div>\n                        <\/div>\n                                    <\/div>\n            <\/div>\n            \n            \n                            <div class=\"pxl-swiper-arrow-wrap\">\n                    <div class=\"pxl-swiper-arrow pxl-swiper-arrow-prev\"><i class=\"caseicon-angle-arrow-left rtl-icon\"><\/i><\/div>\n                    <div class=\"pxl-swiper-arrow pxl-swiper-arrow-next\"><i class=\"caseicon-angle-arrow-right rtl-icon\"><\/i><\/div>\n                <\/div>\n                        \n        <\/div>\n    <\/div>\n\t\t\t\t<\/div>\n\t\t\t\t<\/div>\n\t\t            <\/div>\r\n        <\/div>\r\n        \t\t\t<\/div>\n\t\t<\/section>\n\t\t\t\t<\/div>\n\t\t","protected":false},"excerpt":{"rendered":"<p>Desire\u00e9 Castro Socia Ciudad de Nacimiento: Panama Formaci\u00f3n: Escuela de Negocios Unir (M.B.A) Escuela de Negocios en Leyes Inidem (LL.M) Universidad Cat\u00f3lica Santa Mar\u00eda La Antigua (LL.M.) Universidad Cat\u00f3lica Santa Mar\u00eda La Antigua (B. Law) Admitido para ejercer por: La Corte Suprema de Justicia de la Rep\u00fablica de Panam\u00e1 \u00c1reas de Pr\u00e1ctica: Derecho Corporativo Derecho [&hellip;]<\/p>\n","protected":false},"author":1,"featured_media":0,"parent":7781,"menu_order":0,"comment_status":"closed","ping_status":"closed","template":"","meta":{"footnotes":""},"class_list":["post-7785","page","type-page","status-publish","hentry"],"_links":{"self":[{"href":"https:\/\/chanis.pa\/es\/wp-json\/wp\/v2\/pages\/7785","targetHints":{"allow":["GET"]}}],"collection":[{"href":"https:\/\/chanis.pa\/es\/wp-json\/wp\/v2\/pages"}],"about":[{"href":"https:\/\/chanis.pa\/es\/wp-json\/wp\/v2\/types\/page"}],"author":[{"embeddable":true,"href":"https:\/\/chanis.pa\/es\/wp-json\/wp\/v2\/users\/1"}],"replies":[{"embeddable":true,"href":"https:\/\/chanis.pa\/es\/wp-json\/wp\/v2\/comments?post=7785"}],"version-history":[{"count":12,"href":"https:\/\/chanis.pa\/es\/wp-json\/wp\/v2\/pages\/7785\/revisions"}],"predecessor-version":[{"id":7884,"href":"https:\/\/chanis.pa\/es\/wp-json\/wp\/v2\/pages\/7785\/revisions\/7884"}],"up":[{"embeddable":true,"href":"https:\/\/chanis.pa\/es\/wp-json\/wp\/v2\/pages\/7781"}],"wp:attachment":[{"href":"https:\/\/chanis.pa\/es\/wp-json\/wp\/v2\/media?parent=7785"}],"curies":[{"name":"wp","href":"https:\/\/api.w.org\/{rel}","templated":true}]}}