{"id":7979,"date":"2024-03-13T02:08:35","date_gmt":"2024-03-13T02:08:35","guid":{"rendered":"https:\/\/chanis.pa\/blog\/"},"modified":"2026-01-28T15:40:02","modified_gmt":"2026-01-28T15:40:02","slug":"blog","status":"publish","type":"page","link":"https:\/\/chanis.pa\/es\/blog\/","title":{"rendered":"Blog"},"content":{"rendered":"\t\t<div data-elementor-type=\"wp-page\" data-elementor-id=\"7979\" class=\"elementor elementor-7979 elementor-157\">\n\t\t\t\t        <section class=\"elementor-section elementor-top-section elementor-element elementor-element-9de4fff elementor-section-stretched elementor-section-boxed elementor-section-height-default elementor-section-height-default pxl-row-scroll-none pxl-bg-color-none pxl-section-overlay-none\" data-id=\"9de4fff\" data-element_type=\"section\" data-settings=\"{&quot;stretch_section&quot;:&quot;section-stretched&quot;}\">\n\n                \n                <div class=\"elementor-container elementor-column-gap-extended \">\n                <div class=\"elementor-column elementor-col-100 elementor-top-column elementor-element elementor-element-a19d800 pxl-column-none pxl-column-overflow-hidden-no\" data-id=\"a19d800\" data-element_type=\"column\">\r\n        <div class=\"elementor-widget-wrap elementor-element-populated\">\r\n                     \r\n        \t\t<div class=\"elementor-element elementor-element-acb61f3 pxl-post-layout-post-1 elementor-widget elementor-widget-pxl_post_grid\" data-id=\"acb61f3\" data-element_type=\"widget\" data-widget_type=\"pxl_post_grid.default\">\n\t\t\t\t<div class=\"elementor-widget-container\">\n\t\t\t\t\t\n<div id=\"pxl_post_grid-acb61f3-5607\" class=\"pxl-grid pxl-blog-grid pxl-blog-grid-layout1 pxl-blog-style1\" data-layout=\"masonry\" data-start-page=\"1\" data-max-pages=\"3\" data-total=\"31\" data-perpage=\"12\" data-next-link=\"https:\/\/chanis.pa\/es\/wp-json\/wp\/v2\/pages\/7979\/page\/2\/\">\n    \n    <div class=\"pxl-grid-inner pxl-grid-masonry row\" data-gutter=\"15\">\n                    <div class=\"pxl-grid-item col-xl-4 col-lg-4 col-md-6 col-sm-6 col-12 sin-categoria\">\n                <div class=\"pxl-item--inner \" data-wow-duration=\"1.2s\">\n                                        <div class=\"pxl-item--holder\">\n                        <div class=\"pxl-date\">\n                                                            <span class=\"pxl-item--date\">\n                                    Publicado: 13 de abril de 2026       \n                                <\/span>\n                                                    <\/div>\n                        <h3 class=\"pxl-item--title\"><a href=\"https:\/\/chanis.pa\/es\/anteproyecto-de-ley-n-314-como-pretende-panama-regular-el-ecosistema-fintech-y-atraer-inversion\/\">Anteproyecto de Ley N.\u00b0 314: \u00bfC\u00f3mo pretende Panam\u00e1 regular el ecosistema fintech y atraer inversi\u00f3n?<\/a><\/h3>\n                    <\/div>\n                <\/div>\n            <\/div>\n                    <div class=\"pxl-grid-item col-xl-4 col-lg-4 col-md-6 col-sm-6 col-12 articulos\">\n                <div class=\"pxl-item--inner \" data-wow-duration=\"1.2s\">\n                                        <div class=\"pxl-item--holder\">\n                        <div class=\"pxl-date\">\n                                                            <span class=\"pxl-item--date\">\n                                    Publicado: 13 de marzo de 2026       \n                                <\/span>\n                                                    <\/div>\n                        <h3 class=\"pxl-item--title\"><a href=\"https:\/\/chanis.pa\/es\/la-debida-diligencia-y-controles-para-mitigacion-de-riesgos-en-el-sector-de-inmobiliaria-y-construccion\/\">La Debida Diligencia y controles para mitigaci\u00f3n de riesgos en el sector de inmobiliaria y construcci\u00f3n<\/a><\/h3>\n                    <\/div>\n                <\/div>\n            <\/div>\n                    <div class=\"pxl-grid-item col-xl-4 col-lg-4 col-md-6 col-sm-6 col-12 articulos\">\n                <div class=\"pxl-item--inner \" data-wow-duration=\"1.2s\">\n                                        <div class=\"pxl-item--holder\">\n                        <div class=\"pxl-date\">\n                                                            <span class=\"pxl-item--date\">\n                                    Publicado: 9 de diciembre de 2025       \n                                <\/span>\n                                                    <\/div>\n                        <h3 class=\"pxl-item--title\"><a href=\"https:\/\/chanis.pa\/es\/sentencia-historica-de-ee-uu-afirma-que-la-fundacion-de-interes-privado-fip-panamena-es-una-herramienta-solida-para-la-proteccion-de-activos\/\">Sentencia hist\u00f3rica de EE. UU. afirma que la Fundaci\u00f3n de Inter\u00e9s Privado (FIP) paname\u00f1a es una herramienta s\u00f3lida para la protecci\u00f3n de activos.<\/a><\/h3>\n                    <\/div>\n                <\/div>\n            <\/div>\n                    <div class=\"pxl-grid-item col-xl-4 col-lg-4 col-md-6 col-sm-6 col-12 articulos\">\n                <div class=\"pxl-item--inner \" data-wow-duration=\"1.2s\">\n                                        <div class=\"pxl-item--holder\">\n                        <div class=\"pxl-date\">\n                                                            <span class=\"pxl-item--date\">\n                                    Publicado: 29 de octubre de 2025       \n                                <\/span>\n                                                    <\/div>\n                        <h3 class=\"pxl-item--title\"><a href=\"https:\/\/chanis.pa\/es\/escision-separar-para-preservar-valor\/\">Escisi\u00f3n: Separar para preservar valor<\/a><\/h3>\n                    <\/div>\n                <\/div>\n            <\/div>\n                    <div class=\"pxl-grid-item col-xl-4 col-lg-4 col-md-6 col-sm-6 col-12 articulos\">\n                <div class=\"pxl-item--inner \" data-wow-duration=\"1.2s\">\n                                        <div class=\"pxl-item--holder\">\n                        <div class=\"pxl-date\">\n                                                            <span class=\"pxl-item--date\">\n                                    Publicado: 14 de octubre de 2025       \n                                <\/span>\n                                                    <\/div>\n                        <h3 class=\"pxl-item--title\"><a href=\"https:\/\/chanis.pa\/es\/nuevas-reglas-para-los-certificados-de-incapacidad-lo-que-todo-empleador-debe-saber\/\">Nuevas Reglas para los Certificados de Incapacidad: Lo que Todo Empleador Debe Saber<\/a><\/h3>\n                    <\/div>\n                <\/div>\n            <\/div>\n                    <div class=\"pxl-grid-item col-xl-4 col-lg-4 col-md-6 col-sm-6 col-12 articulos\">\n                <div class=\"pxl-item--inner \" data-wow-duration=\"1.2s\">\n                                        <div class=\"pxl-item--holder\">\n                        <div class=\"pxl-date\">\n                                                            <span class=\"pxl-item--date\">\n                                    Publicado: 12 de noviembre de 2024       \n                                <\/span>\n                                                    <\/div>\n                        <h3 class=\"pxl-item--title\"><a href=\"https:\/\/chanis.pa\/es\/terminaciones-de-ofertas-de-trabajo\/\">Terminaciones de Ofertas de Trabajo<\/a><\/h3>\n                    <\/div>\n                <\/div>\n            <\/div>\n                    <div class=\"pxl-grid-item col-xl-4 col-lg-4 col-md-6 col-sm-6 col-12 articulos\">\n                <div class=\"pxl-item--inner \" data-wow-duration=\"1.2s\">\n                                        <div class=\"pxl-item--holder\">\n                        <div class=\"pxl-date\">\n                                                            <span class=\"pxl-item--date\">\n                                    Publicado: 28 de octubre de 2024       \n                                <\/span>\n                                                    <\/div>\n                        <h3 class=\"pxl-item--title\"><a href=\"https:\/\/chanis.pa\/es\/las-fundaciones-de-interes-privado-un-instrumento-valioso-en-la-planificacion-patrimonial\/\">Las Fundaciones de Inter\u00e9s Privado: Un Instrumento Valioso en la Planificaci\u00f3n Patrimonial<\/a><\/h3>\n                    <\/div>\n                <\/div>\n            <\/div>\n                    <div class=\"pxl-grid-item col-xl-4 col-lg-4 col-md-6 col-sm-6 col-12 articulos\">\n                <div class=\"pxl-item--inner \" data-wow-duration=\"1.2s\">\n                                        <div class=\"pxl-item--holder\">\n                        <div class=\"pxl-date\">\n                                                            <span class=\"pxl-item--date\">\n                                    Publicado: 10 de octubre de 2024       \n                                <\/span>\n                                                    <\/div>\n                        <h3 class=\"pxl-item--title\"><a href=\"https:\/\/chanis.pa\/es\/la-importancia-del-reglamento-en-la-etapa-inicial-de-un-proyecto-inmobiliario\/\">La Importancia del Reglamento en la Etapa Inicial de un Proyecto Inmobiliario<\/a><\/h3>\n                    <\/div>\n                <\/div>\n            <\/div>\n                    <div class=\"pxl-grid-item col-xl-4 col-lg-4 col-md-6 col-sm-6 col-12 articulos\">\n                <div class=\"pxl-item--inner \" data-wow-duration=\"1.2s\">\n                                        <div class=\"pxl-item--holder\">\n                        <div class=\"pxl-date\">\n                                                            <span class=\"pxl-item--date\">\n                                    Publicado: 4 de septiembre de 2024       \n                                <\/span>\n                                                    <\/div>\n                        <h3 class=\"pxl-item--title\"><a href=\"https:\/\/chanis.pa\/es\/el-principio-de-solicitud-inversa-en-las-empresas-de-servicios-financieros\/\">El Principio de Solicitud Inversa en las Empresas de Servicios Financieros<\/a><\/h3>\n                    <\/div>\n                <\/div>\n            <\/div>\n                    <div class=\"pxl-grid-item col-xl-4 col-lg-4 col-md-6 col-sm-6 col-12 articulos\">\n                <div class=\"pxl-item--inner \" data-wow-duration=\"1.2s\">\n                                        <div class=\"pxl-item--holder\">\n                        <div class=\"pxl-date\">\n                                                            <span class=\"pxl-item--date\">\n                                    Publicado: 15 de agosto de 2024       \n                                <\/span>\n                                                    <\/div>\n                        <h3 class=\"pxl-item--title\"><a href=\"https:\/\/chanis.pa\/es\/visa-de-corta-estancia-para-trabajadores-remotos-en-panama-nomada-digital-requisitos-y-procedimientos\/\">Visa de Corta Estancia para Trabajadores Remotos en Panam\u00e1 (N\u00f3mada Digital): Requisitos y Procedimientos.<\/a><\/h3>\n                    <\/div>\n                <\/div>\n            <\/div>\n                    <div class=\"pxl-grid-item col-xl-4 col-lg-4 col-md-6 col-sm-6 col-12 articulos\">\n                <div class=\"pxl-item--inner \" data-wow-duration=\"1.2s\">\n                                        <div class=\"pxl-item--holder\">\n                        <div class=\"pxl-date\">\n                                                            <span class=\"pxl-item--date\">\n                                    Publicado: 19 de octubre de 2020       \n                                <\/span>\n                                                    <\/div>\n                        <h3 class=\"pxl-item--title\"><a href=\"https:\/\/chanis.pa\/es\/visa-de-residente-permanente-como-inversionista-calificado\/\">Visa de Residente Permanente como Inversionista Calificado<\/a><\/h3>\n                    <\/div>\n                <\/div>\n            <\/div>\n                    <div class=\"pxl-grid-item col-xl-4 col-lg-4 col-md-6 col-sm-6 col-12 articulos\">\n                <div class=\"pxl-item--inner \" data-wow-duration=\"1.2s\">\n                                        <div class=\"pxl-item--holder\">\n                        <div class=\"pxl-date\">\n                                                            <span class=\"pxl-item--date\">\n                                    Publicado: 10 de septiembre de 2020       \n                                <\/span>\n                                                    <\/div>\n                        <h3 class=\"pxl-item--title\"><a href=\"https:\/\/chanis.pa\/es\/ley-159-del-31-de-agosto-de-2020\/\">Ley 159 del 31 de agosto de 2020<\/a><\/h3>\n                    <\/div>\n                <\/div>\n            <\/div>\n                <div class=\"grid-sizer col-xl-4 col-lg-4 col-md-6 col-sm-6 col-12\"><\/div>\n    <\/div>\n            <div class=\"pxl-grid-pagination\" data-loadmore=\"{&quot;tax&quot;:[&quot;category&quot;],&quot;post_type&quot;:&quot;post&quot;,&quot;layout&quot;:&quot;post-1&quot;,&quot;startPage&quot;:1,&quot;maxPages&quot;:3,&quot;total&quot;:31,&quot;perpage&quot;:12,&quot;nextLink&quot;:&quot;https:\\\/\\\/chanis.pa\\\/es\\\/wp-json\\\/wp\\\/v2\\\/pages\\\/7979\\\/page\\\/2\\\/&quot;,&quot;source&quot;:&quot;&quot;,&quot;orderby&quot;:&quot;date&quot;,&quot;order&quot;:&quot;desc&quot;,&quot;limit&quot;:12,&quot;post_ids&quot;:[],&quot;col_xl&quot;:4,&quot;col_lg&quot;:4,&quot;col_md&quot;:6,&quot;col_sm&quot;:6,&quot;col_xs&quot;:12,&quot;pagination_type&quot;:&quot;pagination&quot;,&quot;show_date&quot;:&quot;true&quot;,&quot;img_size&quot;:&quot;&quot;,&quot;grid_masonry&quot;:&quot;&quot;,&quot;pxl_animate&quot;:&quot;&quot;}\" data-query=\"{&quot;post_type&quot;:&quot;post&quot;,&quot;post_status&quot;:&quot;publish&quot;,&quot;posts_per_page&quot;:12,&quot;order&quot;:&quot;desc&quot;,&quot;orderby&quot;:&quot;date&quot;,&quot;tax_query&quot;:{&quot;relation&quot;:&quot;OR&quot;},&quot;post__not_in&quot;:[7979]}\">\n                        <nav class=\"pxl-pagination-wrap ajax\">\n                <div class=\"pxl-pagination-links\">\n                    <span aria-current=\"page\" class=\"page-numbers current\">1<\/span>\n<a class=\"page-numbers\" href=\"#2\">2<\/a>\n<a class=\"page-numbers\" href=\"#3\">3<\/a>\n<a class=\"next page-numbers\" href=\"#2\"><i class=\"fal flaticon-right\"><\/i><\/a>                <\/div>\n            <\/nav>\n                    <\/div>\n        <\/div>\t\t\t\t<\/div>\n\t\t\t\t<\/div>\n\t\t            <\/div>\r\n        <\/div>\r\n        \t\t\t<\/div>\n\t\t<\/section>\n\t\t\t\t<\/div>\n\t\t","protected":false},"excerpt":{"rendered":"<p>Posted on: October 29, 2025 Spin-Off: Divide to preserve value Posted on: October 14, 2025 New Rules for Medical Leave Certificates: What Every Employer Should Know Posted on: November 12, 2024 Terminations of Offers of Employment Posted on: October 28, 2024 Private Interest Foundations: A Valuable Estate Planning Instrument Posted on: October 10, 2024 The [&hellip;]<\/p>\n","protected":false},"author":1,"featured_media":0,"parent":0,"menu_order":0,"comment_status":"closed","ping_status":"closed","template":"","meta":{"footnotes":""},"class_list":["post-7979","page","type-page","status-publish","hentry"],"_links":{"self":[{"href":"https:\/\/chanis.pa\/es\/wp-json\/wp\/v2\/pages\/7979","targetHints":{"allow":["GET"]}}],"collection":[{"href":"https:\/\/chanis.pa\/es\/wp-json\/wp\/v2\/pages"}],"about":[{"href":"https:\/\/chanis.pa\/es\/wp-json\/wp\/v2\/types\/page"}],"author":[{"embeddable":true,"href":"https:\/\/chanis.pa\/es\/wp-json\/wp\/v2\/users\/1"}],"replies":[{"embeddable":true,"href":"https:\/\/chanis.pa\/es\/wp-json\/wp\/v2\/comments?post=7979"}],"version-history":[{"count":3,"href":"https:\/\/chanis.pa\/es\/wp-json\/wp\/v2\/pages\/7979\/revisions"}],"predecessor-version":[{"id":8121,"href":"https:\/\/chanis.pa\/es\/wp-json\/wp\/v2\/pages\/7979\/revisions\/8121"}],"wp:attachment":[{"href":"https:\/\/chanis.pa\/es\/wp-json\/wp\/v2\/media?parent=7979"}],"curies":[{"name":"wp","href":"https:\/\/api.w.org\/{rel}","templated":true}]}}